{"id":67,"date":"2020-11-13T14:53:01","date_gmt":"2020-11-13T13:53:01","guid":{"rendered":"https:\/\/zgodni.org.pl\/?page_id=67"},"modified":"2025-03-13T12:42:17","modified_gmt":"2025-03-13T11:42:17","slug":"dokumenty","status":"publish","type":"page","link":"https:\/\/zgodni.org.pl\/?page_id=67","title":{"rendered":"Dokumenty"},"content":{"rendered":"\n<div class=\"wp-block-themeisle-blocks-advanced-columns has-1-columns has-desktop-equal-layout has-tablet-equal-layout has-mobile-equal-layout has-default-gap has-vertical-unset\" id=\"wp-block-themeisle-blocks-advanced-columns-42780dc0\"><div class=\"wp-block-themeisle-blocks-advanced-columns-overlay\"><\/div><div class=\"innerblocks-wrap\">\n\n<div class=\"wp-block-themeisle-blocks-advanced-column\" id=\"wp-block-themeisle-blocks-advanced-column-88001266\">\n\n<p><a href=\"https:\/\/zgodni.org.pl\/?p=95\">Status Stowarzyszenia &#8222;Zgodni w Dzia\u0142aniu&#8221;<\/a><\/p>\n\n\n<p><a href=\"https:\/\/zgodni.org.pl\/?p=111\">KRS odpis<\/a><\/p>\n\n\n<p><a href=\"https:\/\/zgodni.org.pl\/?p=118\">REGON<\/a><\/p>\n\n<\/div>\n\n<\/div><\/div>\n\n\n\n<p>Dane Stowarzyszenia:<\/p>\n\n\n\n<p><strong>Stowarzysznie &#8222;Zgodni w dzia\u0142aniu&#8221;<\/strong><br>Wielkie Radowiska 2<br>87-207 D\u0119bowa \u0141\u0105ka<br>NR KONTA: 21 1020 5024 0000 1002 0177 7358 \u00a0PKO BP<\/p>\n\n\n\n<p>NIP: 8781806385<br>REGON: 387354057<br>KRS: 0000861743<br><a href=\"mailto:zgodni@zgodni.org.pl\">zgodni@zgodni.org.pl<\/a><\/p>\n","protected":false},"excerpt":{"rendered":"<p>Dane Stowarzyszenia: Stowarzysznie &#8222;Zgodni w dzia\u0142aniu&#8221;Wielkie Radowiska 287-207 D\u0119bowa \u0141\u0105kaNR KONTA: 21 1020 5024 0000&#8230;<\/p>\n","protected":false},"author":1,"featured_media":0,"parent":0,"menu_order":0,"comment_status":"closed","ping_status":"closed","template":"","meta":{"footnotes":""},"class_list":["post-67","page","type-page","status-publish","hentry"],"_links":{"self":[{"href":"https:\/\/zgodni.org.pl\/index.php?rest_route=\/wp\/v2\/pages\/67","targetHints":{"allow":["GET"]}}],"collection":[{"href":"https:\/\/zgodni.org.pl\/index.php?rest_route=\/wp\/v2\/pages"}],"about":[{"href":"https:\/\/zgodni.org.pl\/index.php?rest_route=\/wp\/v2\/types\/page"}],"author":[{"embeddable":true,"href":"https:\/\/zgodni.org.pl\/index.php?rest_route=\/wp\/v2\/users\/1"}],"replies":[{"embeddable":true,"href":"https:\/\/zgodni.org.pl\/index.php?rest_route=%2Fwp%2Fv2%2Fcomments&post=67"}],"version-history":[{"count":1,"href":"https:\/\/zgodni.org.pl\/index.php?rest_route=\/wp\/v2\/pages\/67\/revisions"}],"predecessor-version":[{"id":1202,"href":"https:\/\/zgodni.org.pl\/index.php?rest_route=\/wp\/v2\/pages\/67\/revisions\/1202"}],"wp:attachment":[{"href":"https:\/\/zgodni.org.pl\/index.php?rest_route=%2Fwp%2Fv2%2Fmedia&parent=67"}],"curies":[{"name":"wp","href":"https:\/\/api.w.org\/{rel}","templated":true}]}}